{"id":143,"date":"2021-12-02T16:43:07","date_gmt":"2021-12-02T15:43:07","guid":{"rendered":"http:\/\/www.photo-entreprise-saint-etienne.com\/index.php\/about\/"},"modified":"2022-02-16T15:18:47","modified_gmt":"2022-02-16T14:18:47","slug":"about","status":"publish","type":"page","link":"https:\/\/www.photo-entreprise-saint-etienne.com\/index.php\/about\/","title":{"rendered":""},"content":{"rendered":"\n<h1 style=\"font-size:30px\">Photographe entreprise Saint Etienne &#8211; A propos<\/h1>\n\n\n\n<div class=\"wp-block-themeisle-blocks-advanced-columns alignfull has-2-columns has-desktop-equal-layout has-tablet-equal-layout has-mobile-collapsedRows-layout has-default-gap has-vertical-unset\" id=\"wp-block-themeisle-blocks-advanced-columns-9ed733b5\"><div class=\"wp-block-themeisle-blocks-advanced-columns-overlay\"><\/div><div class=\"innerblocks-wrap\">\n<div class=\"wp-block-themeisle-blocks-advanced-column\" id=\"wp-block-themeisle-blocks-advanced-column-e2e4f7ae\">\n<p><\/p>\n\n\n\n<p class=\"has-nv-text-dark-bg-color has-text-color\">Aujourd\u2019hui, prendre de belles photos est presque \u00e0 la port\u00e9e de tous\u2026mais bien comprendre votre projet en tant que professionnel, n\u00e9cessite l\u2019appui d\u2019une personne \u00e0 l\u2019\u00e9coute de vos contraintes.<\/p>\n\n\n\n<p class=\"has-nv-text-dark-bg-color has-text-color\">Depuis pr\u00e8s de 20 ans, mon parcours m\u2019a conduit \u00e0 collaborer avec de nombreux professionnels, dans des domaines vari\u00e9s tels que l\u2019industrie, le m\u00e9dical, l\u2019\u00e9lectronique, mais aussi des artisans boulanger, g\u00e9rant de centre \u00e9questre, agents immobiliers\u2026<\/p>\n\n\n\n<p class=\"has-nv-text-dark-bg-color has-text-color\">La communication par l\u2019image est aujourd\u2019hui pr\u00e9pond\u00e9rante, des images de qualit\u00e9 sont le reflet de votre professionnalisme, et permettent de transmettre vos valeurs.<\/p>\n\n\n\n<p class=\"has-nv-text-dark-bg-color has-text-color\">Quel que soit votre projet, un portrait corporate, un reportage pour illustrer votre activit\u00e9, des photos pour mettre en valeur vos biens immobiliers, je suis \u00e0 votre \u00e9coute.<\/p>\n\n\n\n<p class=\"has-nv-text-dark-bg-color has-text-color\"><a href=\"http:\/\/www.photo-entreprise-saint-etienne.com\/index.php\/contact\/\">Cliquez ici<\/a> pour me contacter.<\/p>\n<\/div>\n\n\n\n<div class=\"wp-block-themeisle-blocks-advanced-column\" id=\"wp-block-themeisle-blocks-advanced-column-9c1ad7b8\">\n<div class=\"wp-block-cover aligncenter has-background-dim has-custom-content-position is-position-bottom-center\" style=\"min-height:78vh\"><img loading=\"lazy\" width=\"983\" height=\"1473\" class=\"wp-block-cover__image-background wp-image-227\" alt=\"\" src=\"https:\/\/i0.wp.com\/www.photo-entreprise-saint-etienne.com\/wp-content\/uploads\/2021\/12\/DSC_1546-edited.jpg?resize=983%2C1473\" data-object-fit=\"cover\" srcset=\"https:\/\/i0.wp.com\/www.photo-entreprise-saint-etienne.com\/wp-content\/uploads\/2021\/12\/DSC_1546-edited.jpg?w=983&amp;ssl=1 983w, https:\/\/i0.wp.com\/www.photo-entreprise-saint-etienne.com\/wp-content\/uploads\/2021\/12\/DSC_1546-edited.jpg?resize=200%2C300&amp;ssl=1 200w, https:\/\/i0.wp.com\/www.photo-entreprise-saint-etienne.com\/wp-content\/uploads\/2021\/12\/DSC_1546-edited.jpg?resize=683%2C1024&amp;ssl=1 683w, https:\/\/i0.wp.com\/www.photo-entreprise-saint-etienne.com\/wp-content\/uploads\/2021\/12\/DSC_1546-edited.jpg?resize=768%2C1151&amp;ssl=1 768w, https:\/\/i0.wp.com\/www.photo-entreprise-saint-etienne.com\/wp-content\/uploads\/2021\/12\/DSC_1546-edited.jpg?resize=77%2C116&amp;ssl=1 77w\" sizes=\"(max-width: 983px) 100vw, 983px\" data-recalc-dims=\"1\" \/><div class=\"wp-block-cover__inner-container\">\n<p class=\"has-text-align-center\" style=\"font-size:25px\"><\/p>\n<\/div><\/div>\n<\/div>\n<\/div><\/div>\n\n\n\n<div class=\"wp-block-jetpack-tiled-gallery aligncenter is-style-rectangular\"><div class=\"tiled-gallery__gallery\"><div class=\"tiled-gallery__row\"><div class=\"tiled-gallery__col\" style=\"flex-basis:28.99712%\"><figure class=\"tiled-gallery__item\"><a href=\"https:\/\/i2.wp.com\/www.photo-entreprise-saint-etienne.com\/wp-content\/uploads\/2021\/12\/020-sur-107-Ecurie-Balaska-1024x684.jpg\"><img srcset=\"https:\/\/i2.wp.com\/www.photo-entreprise-saint-etienne.com\/wp-content\/uploads\/2021\/12\/020-sur-107-Ecurie-Balaska-1024x684.jpg?strip=info&#038;w=600 600w,https:\/\/i2.wp.com\/www.photo-entreprise-saint-etienne.com\/wp-content\/uploads\/2021\/12\/020-sur-107-Ecurie-Balaska-1024x684.jpg?strip=info&#038;w=900 900w,https:\/\/i2.wp.com\/www.photo-entreprise-saint-etienne.com\/wp-content\/uploads\/2021\/12\/020-sur-107-Ecurie-Balaska-1024x684.jpg?strip=info&#038;w=1200 1200w,https:\/\/i2.wp.com\/www.photo-entreprise-saint-etienne.com\/wp-content\/uploads\/2021\/12\/020-sur-107-Ecurie-Balaska-1024x684.jpg?strip=info&#038;w=1500 1500w,https:\/\/i2.wp.com\/www.photo-entreprise-saint-etienne.com\/wp-content\/uploads\/2021\/12\/020-sur-107-Ecurie-Balaska-1024x684.jpg?strip=info&#038;w=1800 1800w,https:\/\/i2.wp.com\/www.photo-entreprise-saint-etienne.com\/wp-content\/uploads\/2021\/12\/020-sur-107-Ecurie-Balaska-1024x684.jpg?strip=info&#038;w=2000 2000w\" alt=\"\" data-height=\"1367\" data-id=\"310\" data-link=\"http:\/\/www.photo-entreprise-saint-etienne.com\/020-sur-107-ecurie-balaska\/\" data-url=\"http:\/\/www.photo-entreprise-saint-etienne.com\/wp-content\/uploads\/2021\/12\/020-sur-107-Ecurie-Balaska-1024x684.jpg\" data-width=\"2048\" src=\"https:\/\/i2.wp.com\/www.photo-entreprise-saint-etienne.com\/wp-content\/uploads\/2021\/12\/020-sur-107-Ecurie-Balaska-1024x684.jpg\" data-amp-layout=\"responsive\"\/><\/a><\/figure><\/div><div class=\"tiled-gallery__col\" style=\"flex-basis:28.99712%\"><figure class=\"tiled-gallery__item\"><a href=\"https:\/\/i1.wp.com\/www.photo-entreprise-saint-etienne.com\/wp-content\/uploads\/2021\/12\/103-sur-107-Ecurie-Balaska-1024x684.jpg\"><img srcset=\"https:\/\/i1.wp.com\/www.photo-entreprise-saint-etienne.com\/wp-content\/uploads\/2021\/12\/103-sur-107-Ecurie-Balaska-1024x684.jpg?strip=info&#038;w=600 600w,https:\/\/i1.wp.com\/www.photo-entreprise-saint-etienne.com\/wp-content\/uploads\/2021\/12\/103-sur-107-Ecurie-Balaska-1024x684.jpg?strip=info&#038;w=900 900w,https:\/\/i1.wp.com\/www.photo-entreprise-saint-etienne.com\/wp-content\/uploads\/2021\/12\/103-sur-107-Ecurie-Balaska-1024x684.jpg?strip=info&#038;w=1200 1200w,https:\/\/i1.wp.com\/www.photo-entreprise-saint-etienne.com\/wp-content\/uploads\/2021\/12\/103-sur-107-Ecurie-Balaska-1024x684.jpg?strip=info&#038;w=1500 1500w,https:\/\/i1.wp.com\/www.photo-entreprise-saint-etienne.com\/wp-content\/uploads\/2021\/12\/103-sur-107-Ecurie-Balaska-1024x684.jpg?strip=info&#038;w=1800 1800w,https:\/\/i1.wp.com\/www.photo-entreprise-saint-etienne.com\/wp-content\/uploads\/2021\/12\/103-sur-107-Ecurie-Balaska-1024x684.jpg?strip=info&#038;w=2000 2000w\" alt=\"\" data-height=\"1367\" data-id=\"331\" data-link=\"http:\/\/www.photo-entreprise-saint-etienne.com\/103-sur-107-ecurie-balaska\/\" data-url=\"http:\/\/www.photo-entreprise-saint-etienne.com\/wp-content\/uploads\/2021\/12\/103-sur-107-Ecurie-Balaska-1024x684.jpg\" data-width=\"2048\" src=\"https:\/\/i1.wp.com\/www.photo-entreprise-saint-etienne.com\/wp-content\/uploads\/2021\/12\/103-sur-107-Ecurie-Balaska-1024x684.jpg\" data-amp-layout=\"responsive\"\/><\/a><\/figure><\/div><div class=\"tiled-gallery__col\" style=\"flex-basis:13.00865%\"><figure class=\"tiled-gallery__item\"><a href=\"https:\/\/i0.wp.com\/www.photo-entreprise-saint-etienne.com\/wp-content\/uploads\/2021\/12\/041-sur-049-Lily-Lavial-684x1024.jpg\"><img srcset=\"https:\/\/i0.wp.com\/www.photo-entreprise-saint-etienne.com\/wp-content\/uploads\/2021\/12\/041-sur-049-Lily-Lavial-684x1024.jpg?strip=info&#038;w=600 600w,https:\/\/i0.wp.com\/www.photo-entreprise-saint-etienne.com\/wp-content\/uploads\/2021\/12\/041-sur-049-Lily-Lavial-684x1024.jpg?strip=info&#038;w=900 900w,https:\/\/i0.wp.com\/www.photo-entreprise-saint-etienne.com\/wp-content\/uploads\/2021\/12\/041-sur-049-Lily-Lavial-684x1024.jpg?strip=info&#038;w=1200 1200w,https:\/\/i0.wp.com\/www.photo-entreprise-saint-etienne.com\/wp-content\/uploads\/2021\/12\/041-sur-049-Lily-Lavial-684x1024.jpg?strip=info&#038;w=1367 1367w\" alt=\"\" data-height=\"2048\" data-id=\"121\" data-link=\"http:\/\/www.photo-entreprise-saint-etienne.com\/index.php\/2021\/11\/18\/bonjour-tout-le-monde\/041-sur-049-lily-lavial\/\" data-url=\"http:\/\/www.photo-entreprise-saint-etienne.com\/wp-content\/uploads\/2021\/12\/041-sur-049-Lily-Lavial-684x1024.jpg\" data-width=\"1367\" src=\"https:\/\/i0.wp.com\/www.photo-entreprise-saint-etienne.com\/wp-content\/uploads\/2021\/12\/041-sur-049-Lily-Lavial-684x1024.jpg\" data-amp-layout=\"responsive\"\/><\/a><\/figure><\/div><div class=\"tiled-gallery__col\" style=\"flex-basis:28.99712%\"><figure class=\"tiled-gallery__item\"><a href=\"https:\/\/i2.wp.com\/www.photo-entreprise-saint-etienne.com\/wp-content\/uploads\/2021\/12\/DSC_5857-HDR-1024x684.jpg\"><img srcset=\"https:\/\/i2.wp.com\/www.photo-entreprise-saint-etienne.com\/wp-content\/uploads\/2021\/12\/DSC_5857-HDR-1024x684.jpg?strip=info&#038;w=600 600w,https:\/\/i2.wp.com\/www.photo-entreprise-saint-etienne.com\/wp-content\/uploads\/2021\/12\/DSC_5857-HDR-1024x684.jpg?strip=info&#038;w=900 900w,https:\/\/i2.wp.com\/www.photo-entreprise-saint-etienne.com\/wp-content\/uploads\/2021\/12\/DSC_5857-HDR-1024x684.jpg?strip=info&#038;w=1200 1200w,https:\/\/i2.wp.com\/www.photo-entreprise-saint-etienne.com\/wp-content\/uploads\/2021\/12\/DSC_5857-HDR-1024x684.jpg?strip=info&#038;w=1500 1500w,https:\/\/i2.wp.com\/www.photo-entreprise-saint-etienne.com\/wp-content\/uploads\/2021\/12\/DSC_5857-HDR-1024x684.jpg?strip=info&#038;w=1800 1800w,https:\/\/i2.wp.com\/www.photo-entreprise-saint-etienne.com\/wp-content\/uploads\/2021\/12\/DSC_5857-HDR-1024x684.jpg?strip=info&#038;w=2000 2000w\" alt=\"\" data-height=\"1367\" data-id=\"241\" data-link=\"http:\/\/www.photo-entreprise-saint-etienne.com\/index.php\/immobilier\/dsc_5857-hdr\/\" data-url=\"http:\/\/www.photo-entreprise-saint-etienne.com\/wp-content\/uploads\/2021\/12\/DSC_5857-HDR-1024x684.jpg\" data-width=\"2048\" src=\"https:\/\/i2.wp.com\/www.photo-entreprise-saint-etienne.com\/wp-content\/uploads\/2021\/12\/DSC_5857-HDR-1024x684.jpg\" data-amp-layout=\"responsive\"\/><\/a><\/figure><\/div><\/div><\/div><\/div>\n\n\n\n<p><\/p>\n","protected":false},"excerpt":{"rendered":"<p>Photographe entreprise Saint Etienne &#8211; A propos<\/p>\n","protected":false},"author":1,"featured_media":0,"parent":0,"menu_order":0,"comment_status":"closed","ping_status":"closed","template":"","meta":{"neve_meta_sidebar":"","neve_meta_container":"","neve_meta_enable_content_width":"","neve_meta_content_width":0,"neve_meta_title_alignment":"","neve_meta_author_avatar":"","neve_post_elements_order":"","neve_meta_disable_header":"","neve_meta_disable_footer":"","neve_meta_disable_title":"","_themeisle_gutenberg_block_has_review":false,"_ti_tpc_template_sync":false,"_ti_tpc_template_id":"","spay_email":""},"yoast_head":"<!-- This site is optimized with the Yoast SEO plugin v18.1 - https:\/\/yoast.com\/wordpress\/plugins\/seo\/ -->\n<title>- Photo Entreprise Saint Etienne<\/title>\n<meta name=\"robots\" content=\"index, follow, max-snippet:-1, max-image-preview:large, max-video-preview:-1\" \/>\n<link rel=\"canonical\" href=\"https:\/\/www.photo-entreprise-saint-etienne.com\/index.php\/about\/\" \/>\n<meta property=\"og:locale\" content=\"fr_FR\" \/>\n<meta property=\"og:type\" content=\"article\" \/>\n<meta property=\"og:title\" content=\"- Photo Entreprise Saint Etienne\" \/>\n<meta property=\"og:description\" content=\"Photographe entreprise Saint Etienne &#8211; A propos\" \/>\n<meta property=\"og:url\" content=\"https:\/\/www.photo-entreprise-saint-etienne.com\/index.php\/about\/\" \/>\n<meta property=\"og:site_name\" content=\"Photo Entreprise Saint Etienne\" \/>\n<meta property=\"article:modified_time\" content=\"2022-02-16T14:18:47+00:00\" \/>\n<meta property=\"og:image\" content=\"http:\/\/www.photo-entreprise-saint-etienne.com\/wp-content\/uploads\/2021\/12\/DSC_1546-edited.jpg\" \/>\n<meta name=\"twitter:card\" content=\"summary_large_image\" \/>\n<meta name=\"twitter:label1\" content=\"Dur\u00e9e de lecture estim\u00e9e\" \/>\n\t<meta name=\"twitter:data1\" content=\"2 minutes\" \/>\n<script type=\"application\/ld+json\" class=\"yoast-schema-graph\">{\"@context\":\"https:\/\/schema.org\",\"@graph\":[{\"@type\":\"WebSite\",\"@id\":\"http:\/\/www.photo-entreprise-saint-etienne.com\/#website\",\"url\":\"http:\/\/www.photo-entreprise-saint-etienne.com\/\",\"name\":\"Photo Entreprise Saint Etienne\",\"description\":\"Julien Provenzano\",\"potentialAction\":[{\"@type\":\"SearchAction\",\"target\":{\"@type\":\"EntryPoint\",\"urlTemplate\":\"http:\/\/www.photo-entreprise-saint-etienne.com\/?s={search_term_string}\"},\"query-input\":\"required name=search_term_string\"}],\"inLanguage\":\"fr-FR\"},{\"@type\":\"ImageObject\",\"@id\":\"https:\/\/www.photo-entreprise-saint-etienne.com\/index.php\/about\/#primaryimage\",\"inLanguage\":\"fr-FR\",\"url\":\"http:\/\/www.photo-entreprise-saint-etienne.com\/wp-content\/uploads\/2021\/12\/DSC_1546-edited.jpg\",\"contentUrl\":\"http:\/\/www.photo-entreprise-saint-etienne.com\/wp-content\/uploads\/2021\/12\/DSC_1546-edited.jpg\"},{\"@type\":\"WebPage\",\"@id\":\"https:\/\/www.photo-entreprise-saint-etienne.com\/index.php\/about\/#webpage\",\"url\":\"https:\/\/www.photo-entreprise-saint-etienne.com\/index.php\/about\/\",\"name\":\"- Photo Entreprise Saint Etienne\",\"isPartOf\":{\"@id\":\"http:\/\/www.photo-entreprise-saint-etienne.com\/#website\"},\"primaryImageOfPage\":{\"@id\":\"https:\/\/www.photo-entreprise-saint-etienne.com\/index.php\/about\/#primaryimage\"},\"datePublished\":\"2021-12-02T15:43:07+00:00\",\"dateModified\":\"2022-02-16T14:18:47+00:00\",\"breadcrumb\":{\"@id\":\"https:\/\/www.photo-entreprise-saint-etienne.com\/index.php\/about\/#breadcrumb\"},\"inLanguage\":\"fr-FR\",\"potentialAction\":[{\"@type\":\"ReadAction\",\"target\":[\"https:\/\/www.photo-entreprise-saint-etienne.com\/index.php\/about\/\"]}]},{\"@type\":\"BreadcrumbList\",\"@id\":\"https:\/\/www.photo-entreprise-saint-etienne.com\/index.php\/about\/#breadcrumb\",\"itemListElement\":[{\"@type\":\"ListItem\",\"position\":1,\"name\":\"Accueil\",\"item\":\"http:\/\/www.photo-entreprise-saint-etienne.com\/\"},{\"@type\":\"ListItem\",\"position\":2,\"name\":\"\"}]}]}<\/script>\n<!-- \/ Yoast SEO plugin. -->","yoast_head_json":{"title":"- Photo Entreprise Saint Etienne","robots":{"index":"index","follow":"follow","max-snippet":"max-snippet:-1","max-image-preview":"max-image-preview:large","max-video-preview":"max-video-preview:-1"},"canonical":"https:\/\/www.photo-entreprise-saint-etienne.com\/index.php\/about\/","og_locale":"fr_FR","og_type":"article","og_title":"- Photo Entreprise Saint Etienne","og_description":"Photographe entreprise Saint Etienne &#8211; A propos","og_url":"https:\/\/www.photo-entreprise-saint-etienne.com\/index.php\/about\/","og_site_name":"Photo Entreprise Saint Etienne","article_modified_time":"2022-02-16T14:18:47+00:00","og_image":[{"url":"http:\/\/www.photo-entreprise-saint-etienne.com\/wp-content\/uploads\/2021\/12\/DSC_1546-edited.jpg"}],"twitter_card":"summary_large_image","twitter_misc":{"Dur\u00e9e de lecture estim\u00e9e":"2 minutes"},"schema":{"@context":"https:\/\/schema.org","@graph":[{"@type":"WebSite","@id":"http:\/\/www.photo-entreprise-saint-etienne.com\/#website","url":"http:\/\/www.photo-entreprise-saint-etienne.com\/","name":"Photo Entreprise Saint Etienne","description":"Julien Provenzano","potentialAction":[{"@type":"SearchAction","target":{"@type":"EntryPoint","urlTemplate":"http:\/\/www.photo-entreprise-saint-etienne.com\/?s={search_term_string}"},"query-input":"required name=search_term_string"}],"inLanguage":"fr-FR"},{"@type":"ImageObject","@id":"https:\/\/www.photo-entreprise-saint-etienne.com\/index.php\/about\/#primaryimage","inLanguage":"fr-FR","url":"http:\/\/www.photo-entreprise-saint-etienne.com\/wp-content\/uploads\/2021\/12\/DSC_1546-edited.jpg","contentUrl":"http:\/\/www.photo-entreprise-saint-etienne.com\/wp-content\/uploads\/2021\/12\/DSC_1546-edited.jpg"},{"@type":"WebPage","@id":"https:\/\/www.photo-entreprise-saint-etienne.com\/index.php\/about\/#webpage","url":"https:\/\/www.photo-entreprise-saint-etienne.com\/index.php\/about\/","name":"- Photo Entreprise Saint Etienne","isPartOf":{"@id":"http:\/\/www.photo-entreprise-saint-etienne.com\/#website"},"primaryImageOfPage":{"@id":"https:\/\/www.photo-entreprise-saint-etienne.com\/index.php\/about\/#primaryimage"},"datePublished":"2021-12-02T15:43:07+00:00","dateModified":"2022-02-16T14:18:47+00:00","breadcrumb":{"@id":"https:\/\/www.photo-entreprise-saint-etienne.com\/index.php\/about\/#breadcrumb"},"inLanguage":"fr-FR","potentialAction":[{"@type":"ReadAction","target":["https:\/\/www.photo-entreprise-saint-etienne.com\/index.php\/about\/"]}]},{"@type":"BreadcrumbList","@id":"https:\/\/www.photo-entreprise-saint-etienne.com\/index.php\/about\/#breadcrumb","itemListElement":[{"@type":"ListItem","position":1,"name":"Accueil","item":"http:\/\/www.photo-entreprise-saint-etienne.com\/"},{"@type":"ListItem","position":2,"name":""}]}]}},"_links":{"self":[{"href":"https:\/\/www.photo-entreprise-saint-etienne.com\/index.php\/wp-json\/wp\/v2\/pages\/143"}],"collection":[{"href":"https:\/\/www.photo-entreprise-saint-etienne.com\/index.php\/wp-json\/wp\/v2\/pages"}],"about":[{"href":"https:\/\/www.photo-entreprise-saint-etienne.com\/index.php\/wp-json\/wp\/v2\/types\/page"}],"author":[{"embeddable":true,"href":"https:\/\/www.photo-entreprise-saint-etienne.com\/index.php\/wp-json\/wp\/v2\/users\/1"}],"replies":[{"embeddable":true,"href":"https:\/\/www.photo-entreprise-saint-etienne.com\/index.php\/wp-json\/wp\/v2\/comments?post=143"}],"version-history":[{"count":23,"href":"https:\/\/www.photo-entreprise-saint-etienne.com\/index.php\/wp-json\/wp\/v2\/pages\/143\/revisions"}],"predecessor-version":[{"id":420,"href":"https:\/\/www.photo-entreprise-saint-etienne.com\/index.php\/wp-json\/wp\/v2\/pages\/143\/revisions\/420"}],"wp:attachment":[{"href":"https:\/\/www.photo-entreprise-saint-etienne.com\/index.php\/wp-json\/wp\/v2\/media?parent=143"}],"curies":[{"name":"wp","href":"https:\/\/api.w.org\/{rel}","templated":true}]}}